{"id":165,"date":"2024-09-07T20:00:06","date_gmt":"2024-09-07T20:00:06","guid":{"rendered":"https:\/\/jardinesdeprovenza.com.gt\/?page_id=165"},"modified":"2025-01-20T03:34:27","modified_gmt":"2025-01-20T03:34:27","slug":"productos","status":"publish","type":"page","link":"https:\/\/jardinesdeprovenza.com.gt\/?page_id=165","title":{"rendered":"Productos"},"content":{"rendered":"\t\t<div data-elementor-type=\"wp-page\" data-elementor-id=\"165\" class=\"elementor elementor-165\">\n\t\t\t\t<div class=\"elementor-element elementor-element-22d6277 elementor-hidden-mobile e-flex e-con-boxed e-con e-parent\" data-id=\"22d6277\" data-element_type=\"container\" data-settings=\"{&quot;background_background&quot;:&quot;slideshow&quot;,&quot;background_slideshow_gallery&quot;:[{&quot;id&quot;:976,&quot;url&quot;:&quot;https:\\\/\\\/jardinesdeprovenza.com.gt\\\/wp-content\\\/uploads\\\/2024\\\/11\\\/portada-productoo.jpg&quot;}],&quot;background_slideshow_loop&quot;:&quot;yes&quot;,&quot;background_slideshow_slide_duration&quot;:5000,&quot;background_slideshow_slide_transition&quot;:&quot;fade&quot;,&quot;background_slideshow_transition_duration&quot;:500}\">\n\t\t\t\t\t<div class=\"e-con-inner\">\n\t\t<div class=\"elementor-element elementor-element-f92685e e-con-full e-flex e-con e-child\" data-id=\"f92685e\" data-element_type=\"container\">\n\t\t\t\t<div class=\"elementor-element elementor-element-8d1cc1e elementor-widget elementor-widget-spacer\" data-id=\"8d1cc1e\" data-element_type=\"widget\" data-widget_type=\"spacer.default\">\n\t\t\t\t<div class=\"elementor-widget-container\">\n\t\t\t<style>\/*! elementor - v3.22.0 - 26-06-2024 *\/\n.elementor-column .elementor-spacer-inner{height:var(--spacer-size)}.e-con{--container-widget-width:100%}.e-con-inner>.elementor-widget-spacer,.e-con>.elementor-widget-spacer{width:var(--container-widget-width,var(--spacer-size));--align-self:var(--container-widget-align-self,initial);--flex-shrink:0}.e-con-inner>.elementor-widget-spacer>.elementor-widget-container,.e-con>.elementor-widget-spacer>.elementor-widget-container{height:100%;width:100%}.e-con-inner>.elementor-widget-spacer>.elementor-widget-container>.elementor-spacer,.e-con>.elementor-widget-spacer>.elementor-widget-container>.elementor-spacer{height:100%}.e-con-inner>.elementor-widget-spacer>.elementor-widget-container>.elementor-spacer>.elementor-spacer-inner,.e-con>.elementor-widget-spacer>.elementor-widget-container>.elementor-spacer>.elementor-spacer-inner{height:var(--container-widget-height,var(--spacer-size))}.e-con-inner>.elementor-widget-spacer.elementor-widget-empty,.e-con>.elementor-widget-spacer.elementor-widget-empty{position:relative;min-height:22px;min-width:22px}.e-con-inner>.elementor-widget-spacer.elementor-widget-empty .elementor-widget-empty-icon,.e-con>.elementor-widget-spacer.elementor-widget-empty .elementor-widget-empty-icon{position:absolute;top:0;bottom:0;left:0;right:0;margin:auto;padding:0;width:22px;height:22px}<\/style>\t\t<div class=\"elementor-spacer\">\n\t\t\t<div class=\"elementor-spacer-inner\"><\/div>\n\t\t<\/div>\n\t\t\t\t<\/div>\n\t\t\t\t<\/div>\n\t\t\t\t<div class=\"elementor-element elementor-element-dd5762b elementor-widget elementor-widget-text-editor\" data-id=\"dd5762b\" data-element_type=\"widget\" data-widget_type=\"text-editor.default\">\n\t\t\t\t<div class=\"elementor-widget-container\">\n\t\t\t<style>\/*! elementor - v3.22.0 - 26-06-2024 *\/\n.elementor-widget-text-editor.elementor-drop-cap-view-stacked .elementor-drop-cap{background-color:#69727d;color:#fff}.elementor-widget-text-editor.elementor-drop-cap-view-framed .elementor-drop-cap{color:#69727d;border:3px solid;background-color:transparent}.elementor-widget-text-editor:not(.elementor-drop-cap-view-default) .elementor-drop-cap{margin-top:8px}.elementor-widget-text-editor:not(.elementor-drop-cap-view-default) .elementor-drop-cap-letter{width:1em;height:1em}.elementor-widget-text-editor .elementor-drop-cap{float:left;text-align:center;line-height:1;font-size:50px}.elementor-widget-text-editor .elementor-drop-cap-letter{display:inline-block}<\/style>\t\t\t\t<p>Descubre nuestros productos artesanales con lavanda: aceites, jabones, velas, t\u00e9s y m\u00e1s. Hechos con amor para relajarte y llenar tus d\u00edas de calma. \u00a1Lleva la esencia de la naturaleza a casa!<\/p>\t\t\t\t\t\t<\/div>\n\t\t\t\t<\/div>\n\t\t\t\t<div class=\"elementor-element elementor-element-a96ea52 elementor-widget elementor-widget-spacer\" data-id=\"a96ea52\" data-element_type=\"widget\" data-widget_type=\"spacer.default\">\n\t\t\t\t<div class=\"elementor-widget-container\">\n\t\t\t\t\t<div class=\"elementor-spacer\">\n\t\t\t<div class=\"elementor-spacer-inner\"><\/div>\n\t\t<\/div>\n\t\t\t\t<\/div>\n\t\t\t\t<\/div>\n\t\t\t\t<\/div>\n\t\t<div class=\"elementor-element elementor-element-e697b27 e-con-full e-flex e-con e-child\" data-id=\"e697b27\" data-element_type=\"container\">\n\t\t\t\t<div class=\"elementor-element elementor-element-5c947aa elementor-hidden-mobile elementor-widget elementor-widget-spacer\" data-id=\"5c947aa\" data-element_type=\"widget\" data-widget_type=\"spacer.default\">\n\t\t\t\t<div class=\"elementor-widget-container\">\n\t\t\t\t\t<div class=\"elementor-spacer\">\n\t\t\t<div class=\"elementor-spacer-inner\"><\/div>\n\t\t<\/div>\n\t\t\t\t<\/div>\n\t\t\t\t<\/div>\n\t\t\t\t<\/div>\n\t\t<div class=\"elementor-element elementor-element-27aa127 e-con-full e-flex e-con e-child\" data-id=\"27aa127\" data-element_type=\"container\">\n\t\t\t\t<\/div>\n\t\t\t\t\t<\/div>\n\t\t\t\t<\/div>\n\t\t<div class=\"elementor-element elementor-element-d35c1ea e-flex e-con-boxed e-con e-parent\" data-id=\"d35c1ea\" data-element_type=\"container\">\n\t\t\t\t\t<div class=\"e-con-inner\">\n\t\t\t\t<div class=\"elementor-element elementor-element-08fa4d5 elementor-widget elementor-widget-spacer\" data-id=\"08fa4d5\" data-element_type=\"widget\" data-widget_type=\"spacer.default\">\n\t\t\t\t<div class=\"elementor-widget-container\">\n\t\t\t\t\t<div class=\"elementor-spacer\">\n\t\t\t<div class=\"elementor-spacer-inner\"><\/div>\n\t\t<\/div>\n\t\t\t\t<\/div>\n\t\t\t\t<\/div>\n\t\t\t\t\t<\/div>\n\t\t\t\t<\/div>\n\t\t<div class=\"elementor-element elementor-element-c6d7fde elementor-hidden-desktop elementor-hidden-tablet e-flex e-con-boxed e-con e-parent\" data-id=\"c6d7fde\" data-element_type=\"container\">\n\t\t\t\t\t<div class=\"e-con-inner\">\n\t\t\t\t<div class=\"elementor-element elementor-element-b0be24f elementor-widget elementor-widget-image\" data-id=\"b0be24f\" data-element_type=\"widget\" data-widget_type=\"image.default\">\n\t\t\t\t<div class=\"elementor-widget-container\">\n\t\t\t<style>\/*! elementor - v3.22.0 - 26-06-2024 *\/\n.elementor-widget-image{text-align:center}.elementor-widget-image a{display:inline-block}.elementor-widget-image a img[src$=\".svg\"]{width:48px}.elementor-widget-image img{vertical-align:middle;display:inline-block}<\/style>\t\t\t\t\t\t\t\t\t\t<img fetchpriority=\"high\" decoding=\"async\" width=\"750\" height=\"348\" src=\"https:\/\/jardinesdeprovenza.com.gt\/wp-content\/uploads\/2024\/11\/portada-productoo-768x356.jpg\" class=\"attachment-medium_large size-medium_large wp-image-976\" alt=\"\" srcset=\"https:\/\/jardinesdeprovenza.com.gt\/wp-content\/uploads\/2024\/11\/portada-productoo-768x356.jpg 768w, https:\/\/jardinesdeprovenza.com.gt\/wp-content\/uploads\/2024\/11\/portada-productoo-300x139.jpg 300w, https:\/\/jardinesdeprovenza.com.gt\/wp-content\/uploads\/2024\/11\/portada-productoo-1024x474.jpg 1024w, https:\/\/jardinesdeprovenza.com.gt\/wp-content\/uploads\/2024\/11\/portada-productoo.jpg 1080w\" sizes=\"(max-width: 750px) 100vw, 750px\" \/>\t\t\t\t\t\t\t\t\t\t\t\t\t<\/div>\n\t\t\t\t<\/div>\n\t\t\t\t\t<\/div>\n\t\t\t\t<\/div>\n\t\t<div class=\"elementor-element elementor-element-b9fcdf7 e-flex e-con-boxed e-con e-parent\" data-id=\"b9fcdf7\" data-element_type=\"container\">\n\t\t\t\t\t<div class=\"e-con-inner\">\n\t\t\t\t<div class=\"elementor-element elementor-element-baf9672 elementor-hidden-mobile elementor-widget elementor-widget-spacer\" data-id=\"baf9672\" data-element_type=\"widget\" data-widget_type=\"spacer.default\">\n\t\t\t\t<div class=\"elementor-widget-container\">\n\t\t\t\t\t<div class=\"elementor-spacer\">\n\t\t\t<div class=\"elementor-spacer-inner\"><\/div>\n\t\t<\/div>\n\t\t\t\t<\/div>\n\t\t\t\t<\/div>\n\t\t\t\t\t<\/div>\n\t\t\t\t<\/div>\n\t\t<div class=\"elementor-element elementor-element-60c36ff e-flex e-con-boxed e-con e-parent\" data-id=\"60c36ff\" data-element_type=\"container\">\n\t\t\t\t\t<div class=\"e-con-inner\">\n\t\t<div class=\"elementor-element elementor-element-ee696de e-con-full e-flex e-con e-child\" data-id=\"ee696de\" data-element_type=\"container\">\n\t\t\t\t<div class=\"elementor-element elementor-element-5a946d1 elementor-widget elementor-widget-text-editor\" data-id=\"5a946d1\" data-element_type=\"widget\" data-widget_type=\"text-editor.default\">\n\t\t\t\t<div class=\"elementor-widget-container\">\n\t\t\t\t\t\t\t<p style=\"margin-top: 0cm;\"><strong><span style=\"font-family: 'Segoe UI',sans-serif; color: #333333;\">Aceite de Lavanda<\/span><\/strong><span style=\"font-family: 'Segoe UI',sans-serif; color: #333333;\"><o:p><\/o:p><\/span><\/p><p style=\"margin-top: 0cm;\"><span style=\"font-family: 'Segoe UI',sans-serif; color: #333333;\">Beneficios y usos de nuestra lavanda org\u00e1nica Sanador de la naturaleza.\u00a0El aceite de lavanda tiene una amplia gama de usos debido a sus propiedades\u00a0arom\u00e1ticas, relajantes y calmantes. Ya sea un masaje de aromaterapia, unas\u00a0gotas de lavanda en un ba\u00f1o tibio o un remedio para dormir, las propiedades\u00a0curativas y calmantes de la lavanda son conocidas y apreciadas. Tambi\u00e9n es un\u00a0excelente recurso de primeros auxilios para quemaduras leves, contusiones,\u00a0picaduras de insectos y cortes.\u00a0Nuestro aceite de lavanda es un producto \u00fanico y encantador. Aqu\u00ed hay algunas\u00a0sugerencias sobre c\u00f3mo usarlo y disfrutarlo.<o:p><\/o:p><\/span><\/p><p style=\"margin-top: 0cm;\"><strong><span style=\"font-family: 'Segoe UI',sans-serif; color: #333333;\">Facial de Lavanda<\/span><\/strong><span style=\"font-family: 'Segoe UI',sans-serif; color: #333333;\"><br \/>Agregue 5 gotas de aceite de lavanda a un recipiente con agua humeante, coloque una toalla sobre su cabeza e inhale. Ideal para aclarar resfriados, refrescar y limpiar tu piel, adem\u00e1s de relajar y calmar.<o:p><\/o:p><\/span><\/p>\t\t\t\t\t\t<\/div>\n\t\t\t\t<\/div>\n\t\t\t\t<\/div>\n\t\t<div class=\"elementor-element elementor-element-289e774 e-con-full e-flex e-con e-child\" data-id=\"289e774\" data-element_type=\"container\">\n\t\t\t\t<div class=\"elementor-element elementor-element-cd48441 elementor-widget elementor-widget-image\" data-id=\"cd48441\" data-element_type=\"widget\" data-widget_type=\"image.default\">\n\t\t\t\t<div class=\"elementor-widget-container\">\n\t\t\t\t\t\t\t\t\t\t\t\t\t<img decoding=\"async\" width=\"750\" height=\"500\" src=\"https:\/\/jardinesdeprovenza.com.gt\/wp-content\/uploads\/2024\/09\/IMG_9500-1024x683.jpg\" class=\"attachment-large size-large wp-image-182\" alt=\"\" srcset=\"https:\/\/jardinesdeprovenza.com.gt\/wp-content\/uploads\/2024\/09\/IMG_9500-1024x683.jpg 1024w, https:\/\/jardinesdeprovenza.com.gt\/wp-content\/uploads\/2024\/09\/IMG_9500-300x200.jpg 300w, https:\/\/jardinesdeprovenza.com.gt\/wp-content\/uploads\/2024\/09\/IMG_9500-768x512.jpg 768w, https:\/\/jardinesdeprovenza.com.gt\/wp-content\/uploads\/2024\/09\/IMG_9500-1536x1024.jpg 1536w, https:\/\/jardinesdeprovenza.com.gt\/wp-content\/uploads\/2024\/09\/IMG_9500-2048x1365.jpg 2048w, https:\/\/jardinesdeprovenza.com.gt\/wp-content\/uploads\/2024\/09\/IMG_9500-360x240.jpg 360w\" sizes=\"(max-width: 750px) 100vw, 750px\" \/>\t\t\t\t\t\t\t\t\t\t\t\t\t<\/div>\n\t\t\t\t<\/div>\n\t\t\t\t<\/div>\n\t\t\t\t\t<\/div>\n\t\t\t\t<\/div>\n\t\t<div class=\"elementor-element elementor-element-91528c3 e-flex e-con-boxed e-con e-parent\" data-id=\"91528c3\" data-element_type=\"container\">\n\t\t\t\t\t<div class=\"e-con-inner\">\n\t\t\t\t<div class=\"elementor-element elementor-element-993ba61 elementor-align-center elementor-hidden-desktop elementor-hidden-tablet elementor-widget elementor-widget-button\" data-id=\"993ba61\" data-element_type=\"widget\" data-widget_type=\"button.default\">\n\t\t\t\t<div class=\"elementor-widget-container\">\n\t\t\t\t\t<div class=\"elementor-button-wrapper\">\n\t\t\t<a class=\"elementor-button elementor-button-link elementor-size-sm\" href=\"https:\/\/jardinesdeprovenza.com.gt\/wp-content\/uploads\/2024\/11\/Nuevo-Catalogo-de-productos-1.pdf\">\n\t\t\t\t\t\t<span class=\"elementor-button-content-wrapper\">\n\t\t\t\t\t\t\t\t\t<span class=\"elementor-button-text\">VER CAT\u00c1LOGO<\/span>\n\t\t\t\t\t<\/span>\n\t\t\t\t\t<\/a>\n\t\t<\/div>\n\t\t\t\t<\/div>\n\t\t\t\t<\/div>\n\t\t\t\t\t<\/div>\n\t\t\t\t<\/div>\n\t\t<div class=\"elementor-element elementor-element-d093ac8 e-con-full elementor-hidden-desktop elementor-hidden-tablet e-flex e-con e-parent\" data-id=\"d093ac8\" data-element_type=\"container\">\n\t\t\t\t<div class=\"elementor-element elementor-element-fea307a elementor-widget elementor-widget-image\" data-id=\"fea307a\" data-element_type=\"widget\" data-widget_type=\"image.default\">\n\t\t\t\t<div class=\"elementor-widget-container\">\n\t\t\t\t\t\t\t\t\t\t\t\t\t<img decoding=\"async\" width=\"750\" height=\"750\" src=\"https:\/\/jardinesdeprovenza.com.gt\/wp-content\/uploads\/2024\/11\/prueba-blancos-1024x1024.jpg\" class=\"attachment-large size-large wp-image-977\" alt=\"\" srcset=\"https:\/\/jardinesdeprovenza.com.gt\/wp-content\/uploads\/2024\/11\/prueba-blancos-1024x1024.jpg 1024w, https:\/\/jardinesdeprovenza.com.gt\/wp-content\/uploads\/2024\/11\/prueba-blancos-300x300.jpg 300w, https:\/\/jardinesdeprovenza.com.gt\/wp-content\/uploads\/2024\/11\/prueba-blancos-150x150.jpg 150w, https:\/\/jardinesdeprovenza.com.gt\/wp-content\/uploads\/2024\/11\/prueba-blancos-768x768.jpg 768w, https:\/\/jardinesdeprovenza.com.gt\/wp-content\/uploads\/2024\/11\/prueba-blancos.jpg 1080w\" sizes=\"(max-width: 750px) 100vw, 750px\" \/>\t\t\t\t\t\t\t\t\t\t\t\t\t<\/div>\n\t\t\t\t<\/div>\n\t\t\t\t<\/div>\n\t\t<div class=\"elementor-element elementor-element-7047e79 elementor-hidden-mobile e-flex e-con-boxed e-con e-parent\" data-id=\"7047e79\" data-element_type=\"container\" data-settings=\"{&quot;background_background&quot;:&quot;slideshow&quot;,&quot;background_slideshow_gallery&quot;:[{&quot;id&quot;:977,&quot;url&quot;:&quot;https:\\\/\\\/jardinesdeprovenza.com.gt\\\/wp-content\\\/uploads\\\/2024\\\/11\\\/prueba-blancos.jpg&quot;}],&quot;background_slideshow_loop&quot;:&quot;yes&quot;,&quot;background_slideshow_slide_duration&quot;:5000,&quot;background_slideshow_slide_transition&quot;:&quot;fade&quot;,&quot;background_slideshow_transition_duration&quot;:500}\">\n\t\t\t\t\t<div class=\"e-con-inner\">\n\t\t<div class=\"elementor-element elementor-element-2e8c960 e-con-full e-flex e-con e-child\" data-id=\"2e8c960\" data-element_type=\"container\">\n\t\t\t\t<div class=\"elementor-element elementor-element-6a0ab46 elementor-widget elementor-widget-spacer\" data-id=\"6a0ab46\" data-element_type=\"widget\" data-widget_type=\"spacer.default\">\n\t\t\t\t<div class=\"elementor-widget-container\">\n\t\t\t\t\t<div class=\"elementor-spacer\">\n\t\t\t<div class=\"elementor-spacer-inner\"><\/div>\n\t\t<\/div>\n\t\t\t\t<\/div>\n\t\t\t\t<\/div>\n\t\t\t\t<div class=\"elementor-element elementor-element-f97eebd elementor-widget elementor-widget-spacer\" data-id=\"f97eebd\" data-element_type=\"widget\" data-widget_type=\"spacer.default\">\n\t\t\t\t<div class=\"elementor-widget-container\">\n\t\t\t\t\t<div class=\"elementor-spacer\">\n\t\t\t<div class=\"elementor-spacer-inner\"><\/div>\n\t\t<\/div>\n\t\t\t\t<\/div>\n\t\t\t\t<\/div>\n\t\t\t\t<div class=\"elementor-element elementor-element-ded4b1f elementor-widget elementor-widget-spacer\" data-id=\"ded4b1f\" data-element_type=\"widget\" data-widget_type=\"spacer.default\">\n\t\t\t\t<div class=\"elementor-widget-container\">\n\t\t\t\t\t<div class=\"elementor-spacer\">\n\t\t\t<div class=\"elementor-spacer-inner\"><\/div>\n\t\t<\/div>\n\t\t\t\t<\/div>\n\t\t\t\t<\/div>\n\t\t\t\t<div class=\"elementor-element elementor-element-1ef6e38 elementor-align-center elementor-widget elementor-widget-button\" data-id=\"1ef6e38\" data-element_type=\"widget\" data-widget_type=\"button.default\">\n\t\t\t\t<div class=\"elementor-widget-container\">\n\t\t\t\t\t<div class=\"elementor-button-wrapper\">\n\t\t\t<a class=\"elementor-button elementor-button-link elementor-size-sm\" href=\"https:\/\/jardinesdeprovenza.com.gt\/wp-content\/uploads\/2024\/11\/Nuevo-Catalogo-de-productos-1.pdf\">\n\t\t\t\t\t\t<span class=\"elementor-button-content-wrapper\">\n\t\t\t\t\t\t\t\t\t<span class=\"elementor-button-text\">VER CAT\u00c1LOGO<\/span>\n\t\t\t\t\t<\/span>\n\t\t\t\t\t<\/a>\n\t\t<\/div>\n\t\t\t\t<\/div>\n\t\t\t\t<\/div>\n\t\t\t\t<\/div>\n\t\t<div class=\"elementor-element elementor-element-44693e3 e-con-full e-flex e-con e-child\" data-id=\"44693e3\" data-element_type=\"container\">\n\t\t\t\t<div class=\"elementor-element elementor-element-b5336fa elementor-widget elementor-widget-spacer\" data-id=\"b5336fa\" data-element_type=\"widget\" data-widget_type=\"spacer.default\">\n\t\t\t\t<div class=\"elementor-widget-container\">\n\t\t\t\t\t<div class=\"elementor-spacer\">\n\t\t\t<div class=\"elementor-spacer-inner\"><\/div>\n\t\t<\/div>\n\t\t\t\t<\/div>\n\t\t\t\t<\/div>\n\t\t\t\t<div class=\"elementor-element elementor-element-2a13e89 elementor-widget elementor-widget-text-editor\" data-id=\"2a13e89\" data-element_type=\"widget\" data-widget_type=\"text-editor.default\">\n\t\t\t\t<div class=\"elementor-widget-container\">\n\t\t\t\t\t\t\t<p style=\"margin-top: 0cm;\"><strong><span style=\"font-family: 'Segoe UI',sans-serif; color: #333333;\">Remedio de buenas noches para dormir<\/span><\/strong><span style=\"font-family: 'Segoe UI',sans-serif; color: #333333;\"><br \/>Ponga unas gotas de aceite de lavanda en un pa\u00f1uelo y col\u00f3quelo dentro de su funda de almohada. El suave aroma promueve la relajaci\u00f3n y el sue\u00f1o profundo.<o:p><\/o:p><\/span><\/p>\t\t\t\t\t\t<\/div>\n\t\t\t\t<\/div>\n\t\t\t\t<\/div>\n\t\t\t\t\t<\/div>\n\t\t\t\t<\/div>\n\t\t<div class=\"elementor-element elementor-element-333c999 e-flex e-con-boxed e-con e-parent\" data-id=\"333c999\" data-element_type=\"container\">\n\t\t\t\t\t<div class=\"e-con-inner\">\n\t\t\t\t<div class=\"elementor-element elementor-element-17aed0c elementor-widget elementor-widget-spacer\" data-id=\"17aed0c\" data-element_type=\"widget\" data-widget_type=\"spacer.default\">\n\t\t\t\t<div class=\"elementor-widget-container\">\n\t\t\t\t\t<div class=\"elementor-spacer\">\n\t\t\t<div class=\"elementor-spacer-inner\"><\/div>\n\t\t<\/div>\n\t\t\t\t<\/div>\n\t\t\t\t<\/div>\n\t\t\t\t\t<\/div>\n\t\t\t\t<\/div>\n\t\t\t\t<\/div>\n\t\t","protected":false},"excerpt":{"rendered":"<p>Descubre nuestros productos artesanales con lavanda: aceites, jabones, velas, t\u00e9s y m\u00e1s. Hechos con amor para relajarte y llenar tus d\u00edas de calma. \u00a1Lleva la esencia de la naturaleza a casa! Aceite de Lavanda Beneficios y usos de nuestra lavanda org\u00e1nica Sanador de la naturaleza.\u00a0El aceite de lavanda tiene una [&hellip;]<\/p>\n","protected":false},"author":1,"featured_media":0,"parent":0,"menu_order":0,"comment_status":"closed","ping_status":"closed","template":"page-templates\/template-pagebuilder-full-width.php","meta":{"footnotes":""},"class_list":["post-165","page","type-page","status-publish","hentry"],"_links":{"self":[{"href":"https:\/\/jardinesdeprovenza.com.gt\/index.php?rest_route=\/wp\/v2\/pages\/165","targetHints":{"allow":["GET"]}}],"collection":[{"href":"https:\/\/jardinesdeprovenza.com.gt\/index.php?rest_route=\/wp\/v2\/pages"}],"about":[{"href":"https:\/\/jardinesdeprovenza.com.gt\/index.php?rest_route=\/wp\/v2\/types\/page"}],"author":[{"embeddable":true,"href":"https:\/\/jardinesdeprovenza.com.gt\/index.php?rest_route=\/wp\/v2\/users\/1"}],"replies":[{"embeddable":true,"href":"https:\/\/jardinesdeprovenza.com.gt\/index.php?rest_route=%2Fwp%2Fv2%2Fcomments&post=165"}],"version-history":[{"count":136,"href":"https:\/\/jardinesdeprovenza.com.gt\/index.php?rest_route=\/wp\/v2\/pages\/165\/revisions"}],"predecessor-version":[{"id":1674,"href":"https:\/\/jardinesdeprovenza.com.gt\/index.php?rest_route=\/wp\/v2\/pages\/165\/revisions\/1674"}],"wp:attachment":[{"href":"https:\/\/jardinesdeprovenza.com.gt\/index.php?rest_route=%2Fwp%2Fv2%2Fmedia&parent=165"}],"curies":[{"name":"wp","href":"https:\/\/api.w.org\/{rel}","templated":true}]}}