{"id":1836,"date":"2025-01-27T03:52:07","date_gmt":"2025-01-27T03:52:07","guid":{"rendered":"https:\/\/jardinesdeprovenza.com.gt\/?page_id=1836"},"modified":"2025-01-27T23:38:05","modified_gmt":"2025-01-27T23:38:05","slug":"avistamiento-de-aves","status":"publish","type":"page","link":"https:\/\/jardinesdeprovenza.com.gt\/?page_id=1836","title":{"rendered":"AVISTAMIENTO DE AVES"},"content":{"rendered":"\t\t<div data-elementor-type=\"wp-page\" data-elementor-id=\"1836\" class=\"elementor elementor-1836\">\n\t\t\t\t<div class=\"elementor-element elementor-element-d088cd5 e-flex e-con-boxed e-con e-parent\" data-id=\"d088cd5\" data-element_type=\"container\" data-settings=\"{&quot;background_background&quot;:&quot;slideshow&quot;,&quot;background_slideshow_gallery&quot;:[{&quot;id&quot;:1798,&quot;url&quot;:&quot;https:\\\/\\\/jardinesdeprovenza.com.gt\\\/wp-content\\\/uploads\\\/2025\\\/01\\\/fondo-textura-scaled.jpg&quot;}],&quot;background_slideshow_loop&quot;:&quot;yes&quot;,&quot;background_slideshow_slide_duration&quot;:5000,&quot;background_slideshow_slide_transition&quot;:&quot;fade&quot;,&quot;background_slideshow_transition_duration&quot;:500}\">\n\t\t\t\t\t<div class=\"e-con-inner\">\n\t\t\t\t<div class=\"elementor-element elementor-element-4a2fc18 elementor-widget elementor-widget-spacer\" data-id=\"4a2fc18\" data-element_type=\"widget\" data-widget_type=\"spacer.default\">\n\t\t\t\t<div class=\"elementor-widget-container\">\n\t\t\t<style>\/*! elementor - v3.22.0 - 26-06-2024 *\/\n.elementor-column .elementor-spacer-inner{height:var(--spacer-size)}.e-con{--container-widget-width:100%}.e-con-inner>.elementor-widget-spacer,.e-con>.elementor-widget-spacer{width:var(--container-widget-width,var(--spacer-size));--align-self:var(--container-widget-align-self,initial);--flex-shrink:0}.e-con-inner>.elementor-widget-spacer>.elementor-widget-container,.e-con>.elementor-widget-spacer>.elementor-widget-container{height:100%;width:100%}.e-con-inner>.elementor-widget-spacer>.elementor-widget-container>.elementor-spacer,.e-con>.elementor-widget-spacer>.elementor-widget-container>.elementor-spacer{height:100%}.e-con-inner>.elementor-widget-spacer>.elementor-widget-container>.elementor-spacer>.elementor-spacer-inner,.e-con>.elementor-widget-spacer>.elementor-widget-container>.elementor-spacer>.elementor-spacer-inner{height:var(--container-widget-height,var(--spacer-size))}.e-con-inner>.elementor-widget-spacer.elementor-widget-empty,.e-con>.elementor-widget-spacer.elementor-widget-empty{position:relative;min-height:22px;min-width:22px}.e-con-inner>.elementor-widget-spacer.elementor-widget-empty .elementor-widget-empty-icon,.e-con>.elementor-widget-spacer.elementor-widget-empty .elementor-widget-empty-icon{position:absolute;top:0;bottom:0;left:0;right:0;margin:auto;padding:0;width:22px;height:22px}<\/style>\t\t<div class=\"elementor-spacer\">\n\t\t\t<div class=\"elementor-spacer-inner\"><\/div>\n\t\t<\/div>\n\t\t\t\t<\/div>\n\t\t\t\t<\/div>\n\t\t\t\t<div class=\"elementor-element elementor-element-3c855c9 elementor-position-top elementor-widget elementor-widget-image-box\" data-id=\"3c855c9\" data-element_type=\"widget\" data-widget_type=\"image-box.default\">\n\t\t\t\t<div class=\"elementor-widget-container\">\n\t\t\t<style>\/*! elementor - v3.22.0 - 26-06-2024 *\/\n.elementor-widget-image-box .elementor-image-box-content{width:100%}@media (min-width:768px){.elementor-widget-image-box.elementor-position-left .elementor-image-box-wrapper,.elementor-widget-image-box.elementor-position-right .elementor-image-box-wrapper{display:flex}.elementor-widget-image-box.elementor-position-right .elementor-image-box-wrapper{text-align:end;flex-direction:row-reverse}.elementor-widget-image-box.elementor-position-left .elementor-image-box-wrapper{text-align:start;flex-direction:row}.elementor-widget-image-box.elementor-position-top .elementor-image-box-img{margin:auto}.elementor-widget-image-box.elementor-vertical-align-top .elementor-image-box-wrapper{align-items:flex-start}.elementor-widget-image-box.elementor-vertical-align-middle .elementor-image-box-wrapper{align-items:center}.elementor-widget-image-box.elementor-vertical-align-bottom .elementor-image-box-wrapper{align-items:flex-end}}@media (max-width:767px){.elementor-widget-image-box .elementor-image-box-img{margin-left:auto!important;margin-right:auto!important;margin-bottom:15px}}.elementor-widget-image-box .elementor-image-box-img{display:inline-block}.elementor-widget-image-box .elementor-image-box-title a{color:inherit}.elementor-widget-image-box .elementor-image-box-wrapper{text-align:center}.elementor-widget-image-box .elementor-image-box-description{margin:0}<\/style><div class=\"elementor-image-box-wrapper\"><figure class=\"elementor-image-box-img\"><img decoding=\"async\" width=\"150\" height=\"150\" src=\"https:\/\/jardinesdeprovenza.com.gt\/wp-content\/uploads\/2025\/01\/Avistamiento-de-aves-150x150.png\" class=\"attachment-thumbnail size-thumbnail wp-image-1214\" alt=\"\" srcset=\"https:\/\/jardinesdeprovenza.com.gt\/wp-content\/uploads\/2025\/01\/Avistamiento-de-aves-150x150.png 150w, https:\/\/jardinesdeprovenza.com.gt\/wp-content\/uploads\/2025\/01\/Avistamiento-de-aves-300x300.png 300w, https:\/\/jardinesdeprovenza.com.gt\/wp-content\/uploads\/2025\/01\/Avistamiento-de-aves.png 500w\" sizes=\"(max-width: 150px) 100vw, 150px\" \/><\/figure><div class=\"elementor-image-box-content\"><h3 class=\"elementor-image-box-title\">AVISTAMIENTO DE AVES<\/h3><\/div><\/div>\t\t<\/div>\n\t\t\t\t<\/div>\n\t\t\t\t<div class=\"elementor-element elementor-element-d884fd5 elementor-widget elementor-widget-spacer\" data-id=\"d884fd5\" data-element_type=\"widget\" data-widget_type=\"spacer.default\">\n\t\t\t\t<div class=\"elementor-widget-container\">\n\t\t\t\t\t<div class=\"elementor-spacer\">\n\t\t\t<div class=\"elementor-spacer-inner\"><\/div>\n\t\t<\/div>\n\t\t\t\t<\/div>\n\t\t\t\t<\/div>\n\t\t\t\t<div class=\"elementor-element elementor-element-2fb40f8 elementor-widget elementor-widget-text-editor\" data-id=\"2fb40f8\" data-element_type=\"widget\" data-widget_type=\"text-editor.default\">\n\t\t\t\t<div class=\"elementor-widget-container\">\n\t\t\t<style>\/*! elementor - v3.22.0 - 26-06-2024 *\/\n.elementor-widget-text-editor.elementor-drop-cap-view-stacked .elementor-drop-cap{background-color:#69727d;color:#fff}.elementor-widget-text-editor.elementor-drop-cap-view-framed .elementor-drop-cap{color:#69727d;border:3px solid;background-color:transparent}.elementor-widget-text-editor:not(.elementor-drop-cap-view-default) .elementor-drop-cap{margin-top:8px}.elementor-widget-text-editor:not(.elementor-drop-cap-view-default) .elementor-drop-cap-letter{width:1em;height:1em}.elementor-widget-text-editor .elementor-drop-cap{float:left;text-align:center;line-height:1;font-size:50px}.elementor-widget-text-editor .elementor-drop-cap-letter{display:inline-block}<\/style>\t\t\t\t<div class=\"flex max-w-full flex-col flex-grow\"><div data-message-author-role=\"assistant\" data-message-id=\"683b21dd-44a4-418f-bce3-103d3d03a4f2\" dir=\"auto\" class=\"min-h-8 text-message flex w-full flex-col items-end gap-2 whitespace-normal break-words text-start [.text-message+&amp;]:mt-5\" data-message-model-slug=\"gpt-4o\"><div class=\"flex w-full flex-col gap-1 empty:hidden first:pt-[3px]\"><div class=\"markdown prose w-full break-words dark:prose-invert dark\"><p>Te invitamos a recorrer un sendero \u00fanico lleno de vida y encanto, donde podr\u00e1s observar aves end\u00e9micas que hacen de este lugar un verdadero para\u00edso natural.<\/p><p><strong>&#8211; Con\u00e9ctate con la naturaleza:<\/strong> Este sendero, rodeado de hermosos paisajes y vegetaci\u00f3n aut\u00f3ctona, es ideal para los amantes de la biodiversidad y quienes buscan una experiencia tranquila y enriquecedora.<\/p><p>&#8211;\u00a0\u00a0<strong>Avifauna \u00fanica:<\/strong> Tendr\u00e1s la oportunidad de avistar especies de aves end\u00e9micas que solo se encuentran en esta regi\u00f3n. Nuestro equipo estar\u00e1 disponible para guiarte y compartir datos interesantes sobre la fauna local.<\/p><p>&#8211; <strong>\u00bfQu\u00e9 traer?:<\/strong> No olvides llevar ropa c\u00f3moda, calzado adecuado, agua, binoculares y una c\u00e1mara para capturar estos momentos \u00fanicos.<\/p><p><\/p><p>\u00a1Ven con tu familia o amigos y vive una experiencia inolvidable en el coraz\u00f3n de San Mateo Milpas Altas!\u00a0<\/p><p>Para m\u00e1s informaci\u00f3n o reservas, cont\u00e1ctanos\u00a0 \u00a1Te esperamos!<\/p><\/div><\/div><\/div><\/div>\t\t\t\t\t\t<\/div>\n\t\t\t\t<\/div>\n\t\t\t\t<div class=\"elementor-element elementor-element-d809e84 elementor-widget elementor-widget-spacer\" data-id=\"d809e84\" data-element_type=\"widget\" data-widget_type=\"spacer.default\">\n\t\t\t\t<div class=\"elementor-widget-container\">\n\t\t\t\t\t<div class=\"elementor-spacer\">\n\t\t\t<div class=\"elementor-spacer-inner\"><\/div>\n\t\t<\/div>\n\t\t\t\t<\/div>\n\t\t\t\t<\/div>\n\t\t\t\t<div class=\"elementor-element elementor-element-4b05cff elementor-widget elementor-widget-image\" data-id=\"4b05cff\" data-element_type=\"widget\" data-widget_type=\"image.default\">\n\t\t\t\t<div class=\"elementor-widget-container\">\n\t\t\t<style>\/*! elementor - v3.22.0 - 26-06-2024 *\/\n.elementor-widget-image{text-align:center}.elementor-widget-image a{display:inline-block}.elementor-widget-image a img[src$=\".svg\"]{width:48px}.elementor-widget-image img{vertical-align:middle;display:inline-block}<\/style>\t\t\t\t\t\t\t\t\t\t<img fetchpriority=\"high\" decoding=\"async\" width=\"750\" height=\"500\" src=\"https:\/\/jardinesdeprovenza.com.gt\/wp-content\/uploads\/2025\/01\/primer-disparo-enfoque-selectivo-loro-tropical-sentado-rama-arbol-mirando-lados_181624-18628-1024x682.jpg\" class=\"attachment-large size-large wp-image-1739\" alt=\"\" srcset=\"https:\/\/jardinesdeprovenza.com.gt\/wp-content\/uploads\/2025\/01\/primer-disparo-enfoque-selectivo-loro-tropical-sentado-rama-arbol-mirando-lados_181624-18628-1024x682.jpg 1024w, https:\/\/jardinesdeprovenza.com.gt\/wp-content\/uploads\/2025\/01\/primer-disparo-enfoque-selectivo-loro-tropical-sentado-rama-arbol-mirando-lados_181624-18628-300x200.jpg 300w, https:\/\/jardinesdeprovenza.com.gt\/wp-content\/uploads\/2025\/01\/primer-disparo-enfoque-selectivo-loro-tropical-sentado-rama-arbol-mirando-lados_181624-18628-768x512.jpg 768w, https:\/\/jardinesdeprovenza.com.gt\/wp-content\/uploads\/2025\/01\/primer-disparo-enfoque-selectivo-loro-tropical-sentado-rama-arbol-mirando-lados_181624-18628-1536x1024.jpg 1536w, https:\/\/jardinesdeprovenza.com.gt\/wp-content\/uploads\/2025\/01\/primer-disparo-enfoque-selectivo-loro-tropical-sentado-rama-arbol-mirando-lados_181624-18628-360x240.jpg 360w, https:\/\/jardinesdeprovenza.com.gt\/wp-content\/uploads\/2025\/01\/primer-disparo-enfoque-selectivo-loro-tropical-sentado-rama-arbol-mirando-lados_181624-18628.jpg 2000w\" sizes=\"(max-width: 750px) 100vw, 750px\" \/>\t\t\t\t\t\t\t\t\t\t\t\t\t<\/div>\n\t\t\t\t<\/div>\n\t\t\t\t<div class=\"elementor-element elementor-element-ab56c46 elementor-widget elementor-widget-spacer\" data-id=\"ab56c46\" data-element_type=\"widget\" data-widget_type=\"spacer.default\">\n\t\t\t\t<div class=\"elementor-widget-container\">\n\t\t\t\t\t<div class=\"elementor-spacer\">\n\t\t\t<div class=\"elementor-spacer-inner\"><\/div>\n\t\t<\/div>\n\t\t\t\t<\/div>\n\t\t\t\t<\/div>\n\t\t\t\t\t<\/div>\n\t\t\t\t<\/div>\n\t\t\t\t<\/div>\n\t\t","protected":false},"excerpt":{"rendered":"<p>AVISTAMIENTO DE AVES Te invitamos a recorrer un sendero \u00fanico lleno de vida y encanto, donde podr\u00e1s observar aves end\u00e9micas que hacen de este lugar un verdadero para\u00edso natural. &#8211; Con\u00e9ctate con la naturaleza: Este sendero, rodeado de hermosos paisajes y vegetaci\u00f3n aut\u00f3ctona, es ideal para los amantes de la [&hellip;]<\/p>\n","protected":false},"author":1,"featured_media":0,"parent":0,"menu_order":0,"comment_status":"closed","ping_status":"closed","template":"page-templates\/template-pagebuilder-full-width.php","meta":{"footnotes":""},"class_list":["post-1836","page","type-page","status-publish","hentry"],"_links":{"self":[{"href":"https:\/\/jardinesdeprovenza.com.gt\/index.php?rest_route=\/wp\/v2\/pages\/1836","targetHints":{"allow":["GET"]}}],"collection":[{"href":"https:\/\/jardinesdeprovenza.com.gt\/index.php?rest_route=\/wp\/v2\/pages"}],"about":[{"href":"https:\/\/jardinesdeprovenza.com.gt\/index.php?rest_route=\/wp\/v2\/types\/page"}],"author":[{"embeddable":true,"href":"https:\/\/jardinesdeprovenza.com.gt\/index.php?rest_route=\/wp\/v2\/users\/1"}],"replies":[{"embeddable":true,"href":"https:\/\/jardinesdeprovenza.com.gt\/index.php?rest_route=%2Fwp%2Fv2%2Fcomments&post=1836"}],"version-history":[{"count":16,"href":"https:\/\/jardinesdeprovenza.com.gt\/index.php?rest_route=\/wp\/v2\/pages\/1836\/revisions"}],"predecessor-version":[{"id":1929,"href":"https:\/\/jardinesdeprovenza.com.gt\/index.php?rest_route=\/wp\/v2\/pages\/1836\/revisions\/1929"}],"wp:attachment":[{"href":"https:\/\/jardinesdeprovenza.com.gt\/index.php?rest_route=%2Fwp%2Fv2%2Fmedia&parent=1836"}],"curies":[{"name":"wp","href":"https:\/\/api.w.org\/{rel}","templated":true}]}}