{"id":298,"date":"2024-09-29T22:37:07","date_gmt":"2024-09-29T22:37:07","guid":{"rendered":"https:\/\/jardinesdeprovenza.com.gt\/?page_id=298"},"modified":"2024-09-29T22:48:24","modified_gmt":"2024-09-29T22:48:24","slug":"historia","status":"publish","type":"page","link":"https:\/\/jardinesdeprovenza.com.gt\/?page_id=298","title":{"rendered":"Sobre el Jard\u00edn"},"content":{"rendered":"\t\t<div data-elementor-type=\"wp-page\" data-elementor-id=\"298\" class=\"elementor elementor-298\">\n\t\t\t\t<div class=\"elementor-element elementor-element-a239bf6 e-flex e-con-boxed e-con e-parent\" data-id=\"a239bf6\" data-element_type=\"container\" data-settings=\"{&quot;background_background&quot;:&quot;slideshow&quot;,&quot;background_slideshow_gallery&quot;:[{&quot;id&quot;:307,&quot;url&quot;:&quot;https:\\\/\\\/jardinesdeprovenza.com.gt\\\/wp-content\\\/uploads\\\/2024\\\/09\\\/Graduacion-36.jpg&quot;},{&quot;id&quot;:308,&quot;url&quot;:&quot;https:\\\/\\\/jardinesdeprovenza.com.gt\\\/wp-content\\\/uploads\\\/2024\\\/09\\\/Graduacion-37.jpg&quot;}],&quot;background_slideshow_loop&quot;:&quot;yes&quot;,&quot;background_slideshow_slide_duration&quot;:5000,&quot;background_slideshow_slide_transition&quot;:&quot;fade&quot;,&quot;background_slideshow_transition_duration&quot;:500}\">\n\t\t\t\t\t<div class=\"e-con-inner\">\n\t\t<div class=\"elementor-element elementor-element-a24515c e-con-full e-flex e-con e-child\" data-id=\"a24515c\" data-element_type=\"container\">\n\t\t\t\t<div class=\"elementor-element elementor-element-f9d0e05 elementor-widget elementor-widget-spacer\" data-id=\"f9d0e05\" data-element_type=\"widget\" data-widget_type=\"spacer.default\">\n\t\t\t\t<div class=\"elementor-widget-container\">\n\t\t\t<style>\/*! elementor - v3.22.0 - 26-06-2024 *\/\n.elementor-column .elementor-spacer-inner{height:var(--spacer-size)}.e-con{--container-widget-width:100%}.e-con-inner>.elementor-widget-spacer,.e-con>.elementor-widget-spacer{width:var(--container-widget-width,var(--spacer-size));--align-self:var(--container-widget-align-self,initial);--flex-shrink:0}.e-con-inner>.elementor-widget-spacer>.elementor-widget-container,.e-con>.elementor-widget-spacer>.elementor-widget-container{height:100%;width:100%}.e-con-inner>.elementor-widget-spacer>.elementor-widget-container>.elementor-spacer,.e-con>.elementor-widget-spacer>.elementor-widget-container>.elementor-spacer{height:100%}.e-con-inner>.elementor-widget-spacer>.elementor-widget-container>.elementor-spacer>.elementor-spacer-inner,.e-con>.elementor-widget-spacer>.elementor-widget-container>.elementor-spacer>.elementor-spacer-inner{height:var(--container-widget-height,var(--spacer-size))}.e-con-inner>.elementor-widget-spacer.elementor-widget-empty,.e-con>.elementor-widget-spacer.elementor-widget-empty{position:relative;min-height:22px;min-width:22px}.e-con-inner>.elementor-widget-spacer.elementor-widget-empty .elementor-widget-empty-icon,.e-con>.elementor-widget-spacer.elementor-widget-empty .elementor-widget-empty-icon{position:absolute;top:0;bottom:0;left:0;right:0;margin:auto;padding:0;width:22px;height:22px}<\/style>\t\t<div class=\"elementor-spacer\">\n\t\t\t<div class=\"elementor-spacer-inner\"><\/div>\n\t\t<\/div>\n\t\t\t\t<\/div>\n\t\t\t\t<\/div>\n\t\t\t\t<\/div>\n\t\t<div class=\"elementor-element elementor-element-964d052 e-con-full e-flex e-con e-child\" data-id=\"964d052\" data-element_type=\"container\">\n\t\t\t\t<\/div>\n\t\t\t\t\t<\/div>\n\t\t\t\t<\/div>\n\t\t<div class=\"elementor-element elementor-element-e57054f e-flex e-con-boxed e-con e-parent\" data-id=\"e57054f\" data-element_type=\"container\">\n\t\t\t\t\t<div class=\"e-con-inner\">\n\t\t\t\t<div class=\"elementor-element elementor-element-224425e elementor-widget elementor-widget-spacer\" data-id=\"224425e\" data-element_type=\"widget\" data-widget_type=\"spacer.default\">\n\t\t\t\t<div class=\"elementor-widget-container\">\n\t\t\t\t\t<div class=\"elementor-spacer\">\n\t\t\t<div class=\"elementor-spacer-inner\"><\/div>\n\t\t<\/div>\n\t\t\t\t<\/div>\n\t\t\t\t<\/div>\n\t\t\t\t\t<\/div>\n\t\t\t\t<\/div>\n\t\t<div class=\"elementor-element elementor-element-aa0c7b5 e-flex e-con-boxed e-con e-parent\" data-id=\"aa0c7b5\" data-element_type=\"container\">\n\t\t\t\t\t<div class=\"e-con-inner\">\n\t\t<div class=\"elementor-element elementor-element-9c22e82 e-con-full e-flex e-con e-child\" data-id=\"9c22e82\" data-element_type=\"container\">\n\t\t\t\t<div class=\"elementor-element elementor-element-8b29323 elementor-widget elementor-widget-text-editor\" data-id=\"8b29323\" data-element_type=\"widget\" data-widget_type=\"text-editor.default\">\n\t\t\t\t<div class=\"elementor-widget-container\">\n\t\t\t<style>\/*! elementor - v3.22.0 - 26-06-2024 *\/\n.elementor-widget-text-editor.elementor-drop-cap-view-stacked .elementor-drop-cap{background-color:#69727d;color:#fff}.elementor-widget-text-editor.elementor-drop-cap-view-framed .elementor-drop-cap{color:#69727d;border:3px solid;background-color:transparent}.elementor-widget-text-editor:not(.elementor-drop-cap-view-default) .elementor-drop-cap{margin-top:8px}.elementor-widget-text-editor:not(.elementor-drop-cap-view-default) .elementor-drop-cap-letter{width:1em;height:1em}.elementor-widget-text-editor .elementor-drop-cap{float:left;text-align:center;line-height:1;font-size:50px}.elementor-widget-text-editor .elementor-drop-cap-letter{display:inline-block}<\/style>\t\t\t\t<p>Jardines de Provenza se encuentra ubicado en San Mateo Milpas Altas, Sacatep\u00e9quez. Estamos inmersos entre las vistas de los majestuosos volcanes Acatenango, Fuego y Agua, a 7 minutos de Antigua Guatemala. Nuestro Jard\u00edn es un bello paseo en el que puede maravillarse de un mar de hermosas lavandas org\u00e1nicas, as\u00ed como de jardines divinamente dise\u00f1ados para disfrutar momentos en familia, amigos o pareja.&nbsp;<\/p>\n<p><br><\/p>\n<p>Gracias al Maravilloso clima de nuestra querida Guatemala, los jardines de lavanda florecen todo el a\u00f1o, lo cual permite a nuestros visitantes llegar en cualquier \u00e9poca y obtener las maravillas de nuestros paisajes en todo momento.&nbsp;<\/p>\t\t\t\t\t\t<\/div>\n\t\t\t\t<\/div>\n\t\t\t\t<\/div>\n\t\t<div class=\"elementor-element elementor-element-5e58fad e-con-full e-flex e-con e-child\" data-id=\"5e58fad\" data-element_type=\"container\">\n\t\t\t\t<div class=\"elementor-element elementor-element-a673338 elementor-widget elementor-widget-heading\" data-id=\"a673338\" data-element_type=\"widget\" data-widget_type=\"heading.default\">\n\t\t\t\t<div class=\"elementor-widget-container\">\n\t\t\t<style>\/*! elementor - v3.22.0 - 26-06-2024 *\/\n.elementor-heading-title{padding:0;margin:0;line-height:1}.elementor-widget-heading .elementor-heading-title[class*=elementor-size-]>a{color:inherit;font-size:inherit;line-height:inherit}.elementor-widget-heading .elementor-heading-title.elementor-size-small{font-size:15px}.elementor-widget-heading .elementor-heading-title.elementor-size-medium{font-size:19px}.elementor-widget-heading .elementor-heading-title.elementor-size-large{font-size:29px}.elementor-widget-heading .elementor-heading-title.elementor-size-xl{font-size:39px}.elementor-widget-heading .elementor-heading-title.elementor-size-xxl{font-size:59px}<\/style><h2 class=\"elementor-heading-title elementor-size-default\">Horario de Apertura<\/h2>\t\t<\/div>\n\t\t\t\t<\/div>\n\t\t\t\t<div class=\"elementor-element elementor-element-f0aa0a3 elementor-widget elementor-widget-spacer\" data-id=\"f0aa0a3\" data-element_type=\"widget\" data-widget_type=\"spacer.default\">\n\t\t\t\t<div class=\"elementor-widget-container\">\n\t\t\t\t\t<div class=\"elementor-spacer\">\n\t\t\t<div class=\"elementor-spacer-inner\"><\/div>\n\t\t<\/div>\n\t\t\t\t<\/div>\n\t\t\t\t<\/div>\n\t\t\t\t<div class=\"elementor-element elementor-element-9e791bb elementor-widget elementor-widget-text-editor\" data-id=\"9e791bb\" data-element_type=\"widget\" data-widget_type=\"text-editor.default\">\n\t\t\t\t<div class=\"elementor-widget-container\">\n\t\t\t\t\t\t\t<p>Martes a Domingo en horario de 8:00 a 17:00 horas.\u00a0<\/p><p>Costo de Ingreso por veh\u00edculo: Q50 \u00f3 $7.00<\/p>\t\t\t\t\t\t<\/div>\n\t\t\t\t<\/div>\n\t\t\t\t<\/div>\n\t\t\t\t\t<\/div>\n\t\t\t\t<\/div>\n\t\t\t\t<\/div>\n\t\t","protected":false},"excerpt":{"rendered":"<p>Jardines de Provenza se encuentra ubicado en San Mateo Milpas Altas, Sacatep\u00e9quez. Estamos inmersos entre las vistas de los majestuosos volcanes Acatenango, Fuego y Agua, a 7 minutos de Antigua Guatemala. Nuestro Jard\u00edn es un bello paseo en el que puede maravillarse de un mar de hermosas lavandas org\u00e1nicas, as\u00ed [&hellip;]<\/p>\n","protected":false},"author":1,"featured_media":0,"parent":0,"menu_order":0,"comment_status":"closed","ping_status":"closed","template":"page-templates\/template-pagebuilder-full-width.php","meta":{"footnotes":""},"class_list":["post-298","page","type-page","status-publish","hentry"],"_links":{"self":[{"href":"https:\/\/jardinesdeprovenza.com.gt\/index.php?rest_route=\/wp\/v2\/pages\/298","targetHints":{"allow":["GET"]}}],"collection":[{"href":"https:\/\/jardinesdeprovenza.com.gt\/index.php?rest_route=\/wp\/v2\/pages"}],"about":[{"href":"https:\/\/jardinesdeprovenza.com.gt\/index.php?rest_route=\/wp\/v2\/types\/page"}],"author":[{"embeddable":true,"href":"https:\/\/jardinesdeprovenza.com.gt\/index.php?rest_route=\/wp\/v2\/users\/1"}],"replies":[{"embeddable":true,"href":"https:\/\/jardinesdeprovenza.com.gt\/index.php?rest_route=%2Fwp%2Fv2%2Fcomments&post=298"}],"version-history":[{"count":11,"href":"https:\/\/jardinesdeprovenza.com.gt\/index.php?rest_route=\/wp\/v2\/pages\/298\/revisions"}],"predecessor-version":[{"id":318,"href":"https:\/\/jardinesdeprovenza.com.gt\/index.php?rest_route=\/wp\/v2\/pages\/298\/revisions\/318"}],"wp:attachment":[{"href":"https:\/\/jardinesdeprovenza.com.gt\/index.php?rest_route=%2Fwp%2Fv2%2Fmedia&parent=298"}],"curies":[{"name":"wp","href":"https:\/\/api.w.org\/{rel}","templated":true}]}}